{"id":509,"date":"2017-12-12T11:11:57","date_gmt":"2017-12-12T10:11:57","guid":{"rendered":"http:\/\/www.finetune.hu\/dev\/wwp\/fooldal\/"},"modified":"2024-04-02T13:04:49","modified_gmt":"2024-04-02T12:04:49","slug":"fooldal","status":"publish","type":"page","link":"https:\/\/www.wetwipe.hu\/en\/","title":{"rendered":"Home"},"content":{"rendered":"","protected":false},"excerpt":{"rendered":"","protected":false},"author":1,"featured_media":0,"parent":0,"menu_order":0,"comment_status":"closed","ping_status":"closed","template":"fooldal-2.php","meta":{"footnotes":""},"class_list":["post-509","page","type-page","status-publish","hentry"],"yoast_head":"<!-- This site is optimized with the Yoast SEO plugin v21.0 - https:\/\/yoast.com\/wordpress\/plugins\/seo\/ -->\n<title>Home - Wet Wipe Kft.<\/title>\n<meta name=\"robots\" content=\"index, follow, max-snippet:-1, max-image-preview:large, max-video-preview:-1\" \/>\n<link rel=\"canonical\" href=\"https:\/\/www.wetwipe.hu\/en\/\" \/>\n<meta property=\"og:locale\" content=\"en_US\" \/>\n<meta property=\"og:type\" content=\"article\" \/>\n<meta property=\"og:title\" content=\"Home - Wet Wipe Kft.\" \/>\n<meta property=\"og:url\" content=\"https:\/\/www.wetwipe.hu\/en\/\" \/>\n<meta property=\"og:site_name\" content=\"Wet Wipe Kft.\" \/>\n<meta property=\"article:modified_time\" content=\"2024-04-02T12:04:49+00:00\" \/>\n<meta name=\"twitter:card\" content=\"summary_large_image\" \/>\n<script type=\"application\/ld+json\" class=\"yoast-schema-graph\">{\"@context\":\"https:\/\/schema.org\",\"@graph\":[{\"@type\":\"WebPage\",\"@id\":\"https:\/\/www.wetwipe.hu\/en\/\",\"url\":\"https:\/\/www.wetwipe.hu\/en\/\",\"name\":\"Home - Wet Wipe Kft.\",\"isPartOf\":{\"@id\":\"https:\/\/www.wetwipe.hu\/#website\"},\"datePublished\":\"2017-12-12T10:11:57+00:00\",\"dateModified\":\"2024-04-02T12:04:49+00:00\",\"breadcrumb\":{\"@id\":\"https:\/\/www.wetwipe.hu\/en\/#breadcrumb\"},\"inLanguage\":\"en-US\",\"potentialAction\":[{\"@type\":\"ReadAction\",\"target\":[\"https:\/\/www.wetwipe.hu\/en\/\"]}]},{\"@type\":\"BreadcrumbList\",\"@id\":\"https:\/\/www.wetwipe.hu\/en\/#breadcrumb\",\"itemListElement\":[{\"@type\":\"ListItem\",\"position\":1,\"name\":\"Kezd\u0151lap\",\"item\":\"https:\/\/www.wetwipe.hu\/en\/\"},{\"@type\":\"ListItem\",\"position\":2,\"name\":\"Home\"}]},{\"@type\":\"WebSite\",\"@id\":\"https:\/\/www.wetwipe.hu\/#website\",\"url\":\"https:\/\/www.wetwipe.hu\/\",\"name\":\"Wet Wipe Kft.\",\"description\":\"Nedves t\u00f6rl\u0151kend\u0151 gy\u00e1rt\u00f3\",\"potentialAction\":[{\"@type\":\"SearchAction\",\"target\":{\"@type\":\"EntryPoint\",\"urlTemplate\":\"https:\/\/www.wetwipe.hu\/?s={search_term_string}\"},\"query-input\":\"required name=search_term_string\"}],\"inLanguage\":\"en-US\"}]}<\/script>\n<!-- \/ Yoast SEO plugin. -->","yoast_head_json":{"title":"Home - Wet Wipe Kft.","robots":{"index":"index","follow":"follow","max-snippet":"max-snippet:-1","max-image-preview":"max-image-preview:large","max-video-preview":"max-video-preview:-1"},"canonical":"https:\/\/www.wetwipe.hu\/en\/","og_locale":"en_US","og_type":"article","og_title":"Home - Wet Wipe Kft.","og_url":"https:\/\/www.wetwipe.hu\/en\/","og_site_name":"Wet Wipe Kft.","article_modified_time":"2024-04-02T12:04:49+00:00","twitter_card":"summary_large_image","schema":{"@context":"https:\/\/schema.org","@graph":[{"@type":"WebPage","@id":"https:\/\/www.wetwipe.hu\/en\/","url":"https:\/\/www.wetwipe.hu\/en\/","name":"Home - Wet Wipe Kft.","isPartOf":{"@id":"https:\/\/www.wetwipe.hu\/#website"},"datePublished":"2017-12-12T10:11:57+00:00","dateModified":"2024-04-02T12:04:49+00:00","breadcrumb":{"@id":"https:\/\/www.wetwipe.hu\/en\/#breadcrumb"},"inLanguage":"en-US","potentialAction":[{"@type":"ReadAction","target":["https:\/\/www.wetwipe.hu\/en\/"]}]},{"@type":"BreadcrumbList","@id":"https:\/\/www.wetwipe.hu\/en\/#breadcrumb","itemListElement":[{"@type":"ListItem","position":1,"name":"Kezd\u0151lap","item":"https:\/\/www.wetwipe.hu\/en\/"},{"@type":"ListItem","position":2,"name":"Home"}]},{"@type":"WebSite","@id":"https:\/\/www.wetwipe.hu\/#website","url":"https:\/\/www.wetwipe.hu\/","name":"Wet Wipe Kft.","description":"Nedves t\u00f6rl\u0151kend\u0151 gy\u00e1rt\u00f3","potentialAction":[{"@type":"SearchAction","target":{"@type":"EntryPoint","urlTemplate":"https:\/\/www.wetwipe.hu\/?s={search_term_string}"},"query-input":"required name=search_term_string"}],"inLanguage":"en-US"}]}},"_links":{"self":[{"href":"https:\/\/www.wetwipe.hu\/en\/wp-json\/wp\/v2\/pages\/509","targetHints":{"allow":["GET"]}}],"collection":[{"href":"https:\/\/www.wetwipe.hu\/en\/wp-json\/wp\/v2\/pages"}],"about":[{"href":"https:\/\/www.wetwipe.hu\/en\/wp-json\/wp\/v2\/types\/page"}],"author":[{"embeddable":true,"href":"https:\/\/www.wetwipe.hu\/en\/wp-json\/wp\/v2\/users\/1"}],"replies":[{"embeddable":true,"href":"https:\/\/www.wetwipe.hu\/en\/wp-json\/wp\/v2\/comments?post=509"}],"version-history":[{"count":21,"href":"https:\/\/www.wetwipe.hu\/en\/wp-json\/wp\/v2\/pages\/509\/revisions"}],"predecessor-version":[{"id":3098,"href":"https:\/\/www.wetwipe.hu\/en\/wp-json\/wp\/v2\/pages\/509\/revisions\/3098"}],"wp:attachment":[{"href":"https:\/\/www.wetwipe.hu\/en\/wp-json\/wp\/v2\/media?parent=509"}],"curies":[{"name":"wp","href":"https:\/\/api.w.org\/{rel}","templated":true}]}}